{"id":82,"date":"2023-12-28T08:51:01","date_gmt":"2023-12-28T08:51:01","guid":{"rendered":"https:\/\/demo.bosathemes.com\/bosa\/real-estate\/?page_id=1029"},"modified":"2024-04-25T09:34:27","modified_gmt":"2024-04-25T06:34:27","slug":"wtc-tallinn-keskus","status":"publish","type":"page","link":"https:\/\/wtc.ee\/en\/wtc-tallinn-keskus\/","title":{"rendered":"WTC Tallinn center"},"content":{"rendered":"<div data-elementor-type=\"wp-page\" data-elementor-id=\"82\" class=\"elementor elementor-82\">\n\t\t\t\t<div class=\"elementor-element elementor-element-e6ca439 e-con-full e-flex e-con e-parent\" data-id=\"e6ca439\" data-element_type=\"container\" data-e-type=\"container\" data-settings=\"{&quot;background_background&quot;:&quot;classic&quot;}\">\n\t\t\t\t<div class=\"elementor-element elementor-element-9f23dcd elementor-widget elementor-widget-image\" data-id=\"9f23dcd\" data-element_type=\"widget\" data-e-type=\"widget\" data-widget_type=\"image.default\">\n\t\t\t\t<div class=\"elementor-widget-container\">\n\t\t\t\t\t\t\t\t\t\t\t\t\t\t\t<img decoding=\"async\" src=\"https:\/\/wtc.ee\/wp-content\/uploads\/2024\/04\/0ZPAxZNF.jpeg\" title=\"\" alt=\"\" loading=\"lazy\" \/>\t\t\t\t\t\t\t\t\t\t\t\t\t\t\t<\/div>\n\t\t\t\t<\/div>\n\t\t\t\t<\/div>\n\t\t<div class=\"elementor-element elementor-element-69f3c64 e-flex e-con-boxed e-con e-parent\" data-id=\"69f3c64\" data-element_type=\"container\" data-e-type=\"container\">\n\t\t\t\t\t<div class=\"e-con-inner\">\n\t\t<div class=\"elementor-element elementor-element-d100823 e-flex e-con-boxed e-con e-child\" data-id=\"d100823\" data-element_type=\"container\" data-e-type=\"container\">\n\t\t\t\t\t<div class=\"e-con-inner\">\n\t\t<div class=\"elementor-element elementor-element-0c76b33 e-con-full e-flex e-con e-child\" data-id=\"0c76b33\" data-element_type=\"container\" data-e-type=\"container\">\n\t\t\t\t<div class=\"elementor-element elementor-element-4cca375 elementor-drop-cap-yes elementor-drop-cap-view-default elementor-widget elementor-widget-text-editor\" data-id=\"4cca375\" data-element_type=\"widget\" data-e-type=\"widget\" data-settings=\"{&quot;drop_cap&quot;:&quot;yes&quot;,&quot;_animation&quot;:&quot;none&quot;}\" data-widget_type=\"text-editor.default\">\n\t\t\t\t<div class=\"elementor-widget-container\">\n\t\t\t\t\t\t\t\t\t<p>\u00a0<\/p><hr \/><h1 style=\"text-align: left;\">WTC Tallinn center<\/h1><p>World Trade Center Tallinn is one of the business centers belonging to the global World Trade Centers Association (WTCA). The mission of the WTCs is the development of international investment and trade. WTC is a highly valued brand in international business services and real estate, as the license granted by WTCA to each specific WTC ensures the high quality and reliability of this service. WTC Tallinn AS (World Trade Center Tallinn) has been a full member of the World Trade Centers Association since April 1995.<\/p>\t\t\t\t\t\t\t\t<\/div>\n\t\t\t\t<\/div>\n\t\t\t\t<\/div>\n\t\t\t\t<div class=\"elementor-element elementor-element-ec0e559 elementor-widget__width-initial elementor-widget elementor-widget-image\" data-id=\"ec0e559\" data-element_type=\"widget\" data-e-type=\"widget\" data-widget_type=\"image.default\">\n\t\t\t\t<div class=\"elementor-widget-container\">\n\t\t\t\t\t\t\t\t\t\t\t\t\t\t\t<img fetchpriority=\"high\" decoding=\"async\" width=\"720\" height=\"423\" src=\"https:\/\/wtc.ee\/wp-content\/uploads\/2024\/04\/DSC7563-4-1024x602.jpg\" class=\"attachment-large size-large wp-image-922\" alt=\"\" srcset=\"https:\/\/wtc.ee\/wp-content\/uploads\/2024\/04\/DSC7563-4-1024x602.jpg 1024w, https:\/\/wtc.ee\/wp-content\/uploads\/2024\/04\/DSC7563-4-300x176.jpg 300w, https:\/\/wtc.ee\/wp-content\/uploads\/2024\/04\/DSC7563-4-768x451.jpg 768w, https:\/\/wtc.ee\/wp-content\/uploads\/2024\/04\/DSC7563-4-1536x902.jpg 1536w, https:\/\/wtc.ee\/wp-content\/uploads\/2024\/04\/DSC7563-4-2048x1203.jpg 2048w\" sizes=\"(max-width: 720px) 100vw, 720px\" \/>\t\t\t\t\t\t\t\t\t\t\t\t\t\t\t<\/div>\n\t\t\t\t<\/div>\n\t\t<div class=\"elementor-element elementor-element-001a475 e-flex e-con-boxed e-con e-child\" data-id=\"001a475\" data-element_type=\"container\" data-e-type=\"container\">\n\t\t\t\t\t<div class=\"e-con-inner\">\n\t\t<div class=\"elementor-element elementor-element-6f74730 e-flex e-con-boxed e-con e-child\" data-id=\"6f74730\" data-element_type=\"container\" data-e-type=\"container\">\n\t\t\t\t\t<div class=\"e-con-inner\">\n\t\t\t\t\t<\/div>\n\t\t\t\t<\/div>\n\t\t\t\t\t<\/div>\n\t\t\t\t<\/div>\n\t\t\t\t\t<\/div>\n\t\t\t\t<\/div>\n\t\t\t\t\t<\/div>\n\t\t\t\t<\/div>\n\t\t<div class=\"elementor-element elementor-element-353a22b e-flex e-con-boxed e-con e-parent\" data-id=\"353a22b\" data-element_type=\"container\" data-e-type=\"container\">\n\t\t\t\t\t<div class=\"e-con-inner\">\n\t\t\t\t<div class=\"elementor-element elementor-element-ff2f40e elementor-drop-cap-yes elementor-drop-cap-view-default elementor-widget elementor-widget-text-editor\" data-id=\"ff2f40e\" data-element_type=\"widget\" data-e-type=\"widget\" data-settings=\"{&quot;drop_cap&quot;:&quot;yes&quot;}\" data-widget_type=\"text-editor.default\">\n\t\t\t\t<div class=\"elementor-widget-container\">\n\t\t\t\t\t\t\t\t\t<h1>World Trade Center Association<\/h1><p style=\"text-align: justify;\">The World Trade Center Association was established in 1970 with the aim of promoting cooperation between its members, developing international economic ties and increasing the participation of different countries in world trade. The organization currently unites 300 centers in 100 countries. The work of the association is managed by a 20-member board consisting of representatives of various world trade centers, and eight permanent committees plan and implement the association&#039;s goals in various fields:<\/p><ul><li style=\"text-align: justify;\">business training committee;<\/li><li style=\"text-align: justify;\">fair committee;<\/li><li style=\"text-align: justify;\">committee of newly industrialized countries<\/li><li style=\"text-align: justify;\">planning and financing committee;<\/li><li style=\"text-align: justify;\">tourism committee;<\/li><li style=\"text-align: justify;\">committee on standards, quality and mutual assistance;<\/li><li style=\"text-align: justify;\">funds and publicity committee.<\/li><\/ul><p style=\"margin: 0cm; margin-bottom: .0001pt; text-align: justify;\">see more on the WTCA website at htpp:\/\/www.wtca.org<\/p><p>\u00a0<\/p><p>\u00a0<\/p><p style=\"margin: 0cm; margin-bottom: .0001pt; text-align: justify;\">\u00a0<\/p>\t\t\t\t\t\t\t\t<\/div>\n\t\t\t\t<\/div>\n\t\t\t\t\t<\/div>\n\t\t\t\t<\/div>\n\t\t<div class=\"elementor-element elementor-element-dd5e0bd e-flex e-con-boxed e-con e-parent\" data-id=\"dd5e0bd\" data-element_type=\"container\" data-e-type=\"container\">\n\t\t\t\t\t<div class=\"e-con-inner\">\n\t\t\t\t<div class=\"elementor-element elementor-element-5bf4c1b elementor-widget elementor-widget-image\" data-id=\"5bf4c1b\" data-element_type=\"widget\" data-e-type=\"widget\" data-widget_type=\"image.default\">\n\t\t\t\t<div class=\"elementor-widget-container\">\n\t\t\t\t\t\t\t\t\t\t\t\t\t\t\t<img decoding=\"async\" width=\"200\" height=\"301\" src=\"https:\/\/wtc.ee\/wp-content\/uploads\/2024\/04\/about-8dabb6257c642484788859491251090508a0adec6ed9968955b1b637afa37c41-1.jpg\" class=\"attachment-large size-large wp-image-967\" alt=\"\" \/>\t\t\t\t\t\t\t\t\t\t\t\t\t\t\t<\/div>\n\t\t\t\t<\/div>\n\t\t\t\t\t<\/div>\n\t\t\t\t<\/div>\n\t\t<div class=\"elementor-element elementor-element-2355f2b e-grid e-con-boxed e-con e-parent\" data-id=\"2355f2b\" data-element_type=\"container\" data-e-type=\"container\">\n\t\t\t\t\t<div class=\"e-con-inner\">\n\t\t\t\t\t<\/div>\n\t\t\t\t<\/div>\n\t\t\t\t<\/div>","protected":false},"excerpt":{"rendered":"<p>\u00a0 WTC Tallinn keskus World Trade Center Tallinn on \u00fcks globaalsesse World Trade Centers Associationi (WTCA) kuuluvatest \u00e4rikeskustest. WTC-de missiooniks on rahvusvaheliste investeeringute ja kaubanduse arendamine. WTC on rahvusvahelistes\u00a0 \u00e4riteenustes ja kinnisvaras k\u00f5rgelt hinnatud br\u00e4nd, kuna WTCA poolt igale konkreetsele WTC- le omistatav litsents tagab selle teenuse k\u00f5rge kvaliteedi ja usaldusv\u00e4\u00e4rsuse. WTC Tallinn AS (World Trade Center Tallinn) on Maailmakaubanduskeskuste [&hellip;]<\/p>\n","protected":false},"author":1,"featured_media":0,"parent":0,"menu_order":0,"comment_status":"closed","ping_status":"closed","template":"elementor_header_footer","meta":{"iawp_total_views":93,"footnotes":""},"class_list":["post-82","page","type-page","status-publish","hentry"],"yoast_head":"<!-- This site is optimized with the Yoast SEO plugin v27.5 - https:\/\/yoast.com\/product\/yoast-seo-wordpress\/ -->\n<title>WTC Tallinn keskus - WTC Tallinn AS<\/title>\n<meta name=\"robots\" content=\"index, follow, max-snippet:-1, max-image-preview:large, max-video-preview:-1\" \/>\n<link rel=\"canonical\" href=\"https:\/\/wtc.ee\/en\/wtc-tallinn-keskus\/\" \/>\n<meta property=\"og:locale\" content=\"en_US\" \/>\n<meta property=\"og:type\" content=\"article\" \/>\n<meta property=\"og:title\" content=\"WTC Tallinn keskus - WTC Tallinn AS\" \/>\n<meta property=\"og:description\" content=\"\u00a0 WTC Tallinn keskus World Trade Center Tallinn on \u00fcks globaalsesse World Trade Centers Associationi (WTCA) kuuluvatest \u00e4rikeskustest. WTC-de missiooniks on rahvusvaheliste investeeringute ja kaubanduse arendamine. WTC on rahvusvahelistes\u00a0 \u00e4riteenustes ja kinnisvaras k\u00f5rgelt hinnatud br\u00e4nd, kuna WTCA poolt igale konkreetsele WTC- le omistatav litsents tagab selle teenuse k\u00f5rge kvaliteedi ja usaldusv\u00e4\u00e4rsuse. WTC Tallinn AS (World Trade Center Tallinn) on Maailmakaubanduskeskuste [&hellip;]\" \/>\n<meta property=\"og:url\" content=\"https:\/\/wtc.ee\/en\/wtc-tallinn-keskus\/\" \/>\n<meta property=\"og:site_name\" content=\"WTC Tallinn AS\" \/>\n<meta property=\"article:modified_time\" content=\"2024-04-25T06:34:27+00:00\" \/>\n<meta property=\"og:image\" content=\"http:\/\/wtc.ee\/wp-content\/uploads\/2024\/04\/0ZPAxZNF.jpeg\" \/>\n<meta name=\"twitter:card\" content=\"summary_large_image\" \/>\n<meta name=\"twitter:label1\" content=\"Est. reading time\" \/>\n\t<meta name=\"twitter:data1\" content=\"2 minutes\" \/>\n<script type=\"application\/ld+json\" class=\"yoast-schema-graph\">{\"@context\":\"https:\\\/\\\/schema.org\",\"@graph\":[{\"@type\":\"WebPage\",\"@id\":\"https:\\\/\\\/wtc.ee\\\/wtc-tallinn-keskus\\\/\",\"url\":\"https:\\\/\\\/wtc.ee\\\/wtc-tallinn-keskus\\\/\",\"name\":\"WTC Tallinn keskus - WTC Tallinn AS\",\"isPartOf\":{\"@id\":\"https:\\\/\\\/wtc.ee\\\/#website\"},\"primaryImageOfPage\":{\"@id\":\"https:\\\/\\\/wtc.ee\\\/wtc-tallinn-keskus\\\/#primaryimage\"},\"image\":{\"@id\":\"https:\\\/\\\/wtc.ee\\\/wtc-tallinn-keskus\\\/#primaryimage\"},\"thumbnailUrl\":\"http:\\\/\\\/wtc.ee\\\/wp-content\\\/uploads\\\/2024\\\/04\\\/0ZPAxZNF.jpeg\",\"datePublished\":\"2023-12-28T08:51:01+00:00\",\"dateModified\":\"2024-04-25T06:34:27+00:00\",\"breadcrumb\":{\"@id\":\"https:\\\/\\\/wtc.ee\\\/wtc-tallinn-keskus\\\/#breadcrumb\"},\"inLanguage\":\"en-US\",\"potentialAction\":[{\"@type\":\"ReadAction\",\"target\":[\"https:\\\/\\\/wtc.ee\\\/wtc-tallinn-keskus\\\/\"]}]},{\"@type\":\"ImageObject\",\"inLanguage\":\"en-US\",\"@id\":\"https:\\\/\\\/wtc.ee\\\/wtc-tallinn-keskus\\\/#primaryimage\",\"url\":\"http:\\\/\\\/wtc.ee\\\/wp-content\\\/uploads\\\/2024\\\/04\\\/0ZPAxZNF.jpeg\",\"contentUrl\":\"http:\\\/\\\/wtc.ee\\\/wp-content\\\/uploads\\\/2024\\\/04\\\/0ZPAxZNF.jpeg\"},{\"@type\":\"BreadcrumbList\",\"@id\":\"https:\\\/\\\/wtc.ee\\\/wtc-tallinn-keskus\\\/#breadcrumb\",\"itemListElement\":[{\"@type\":\"ListItem\",\"position\":1,\"name\":\"Home\",\"item\":\"https:\\\/\\\/wtc.ee\\\/\"},{\"@type\":\"ListItem\",\"position\":2,\"name\":\"WTC Tallinn keskus\"}]},{\"@type\":\"WebSite\",\"@id\":\"https:\\\/\\\/wtc.ee\\\/#website\",\"url\":\"https:\\\/\\\/wtc.ee\\\/\",\"name\":\"WTC Tallinn AS\",\"description\":\"Parimad b\u00fcroopinnad kesklinnas\",\"publisher\":{\"@id\":\"https:\\\/\\\/wtc.ee\\\/#organization\"},\"potentialAction\":[{\"@type\":\"SearchAction\",\"target\":{\"@type\":\"EntryPoint\",\"urlTemplate\":\"https:\\\/\\\/wtc.ee\\\/?s={search_term_string}\"},\"query-input\":{\"@type\":\"PropertyValueSpecification\",\"valueRequired\":true,\"valueName\":\"search_term_string\"}}],\"inLanguage\":\"en-US\"},{\"@type\":\"Organization\",\"@id\":\"https:\\\/\\\/wtc.ee\\\/#organization\",\"name\":\"WTC Tallinn AS\",\"url\":\"https:\\\/\\\/wtc.ee\\\/\",\"logo\":{\"@type\":\"ImageObject\",\"inLanguage\":\"en-US\",\"@id\":\"https:\\\/\\\/wtc.ee\\\/#\\\/schema\\\/logo\\\/image\\\/\",\"url\":\"https:\\\/\\\/wtc.ee\\\/wp-content\\\/uploads\\\/2024\\\/05\\\/cropped-wtc_logo_color_high_res.jpg\",\"contentUrl\":\"https:\\\/\\\/wtc.ee\\\/wp-content\\\/uploads\\\/2024\\\/05\\\/cropped-wtc_logo_color_high_res.jpg\",\"width\":1803,\"height\":360,\"caption\":\"WTC Tallinn AS\"},\"image\":{\"@id\":\"https:\\\/\\\/wtc.ee\\\/#\\\/schema\\\/logo\\\/image\\\/\"}}]}<\/script>\n<!-- \/ Yoast SEO plugin. -->","yoast_head_json":{"title":"WTC Tallinn keskus - WTC Tallinn AS","robots":{"index":"index","follow":"follow","max-snippet":"max-snippet:-1","max-image-preview":"max-image-preview:large","max-video-preview":"max-video-preview:-1"},"canonical":"https:\/\/wtc.ee\/en\/wtc-tallinn-keskus\/","og_locale":"en_US","og_type":"article","og_title":"WTC Tallinn keskus - WTC Tallinn AS","og_description":"\u00a0 WTC Tallinn keskus World Trade Center Tallinn on \u00fcks globaalsesse World Trade Centers Associationi (WTCA) kuuluvatest \u00e4rikeskustest. WTC-de missiooniks on rahvusvaheliste investeeringute ja kaubanduse arendamine. WTC on rahvusvahelistes\u00a0 \u00e4riteenustes ja kinnisvaras k\u00f5rgelt hinnatud br\u00e4nd, kuna WTCA poolt igale konkreetsele WTC- le omistatav litsents tagab selle teenuse k\u00f5rge kvaliteedi ja usaldusv\u00e4\u00e4rsuse. WTC Tallinn AS (World Trade Center Tallinn) on Maailmakaubanduskeskuste [&hellip;]","og_url":"https:\/\/wtc.ee\/en\/wtc-tallinn-keskus\/","og_site_name":"WTC Tallinn AS","article_modified_time":"2024-04-25T06:34:27+00:00","og_image":[{"url":"http:\/\/wtc.ee\/wp-content\/uploads\/2024\/04\/0ZPAxZNF.jpeg","type":"","width":"","height":""}],"twitter_card":"summary_large_image","twitter_misc":{"Est. reading time":"2 minutes"},"schema":{"@context":"https:\/\/schema.org","@graph":[{"@type":"WebPage","@id":"https:\/\/wtc.ee\/wtc-tallinn-keskus\/","url":"https:\/\/wtc.ee\/wtc-tallinn-keskus\/","name":"WTC Tallinn keskus - WTC Tallinn AS","isPartOf":{"@id":"https:\/\/wtc.ee\/#website"},"primaryImageOfPage":{"@id":"https:\/\/wtc.ee\/wtc-tallinn-keskus\/#primaryimage"},"image":{"@id":"https:\/\/wtc.ee\/wtc-tallinn-keskus\/#primaryimage"},"thumbnailUrl":"http:\/\/wtc.ee\/wp-content\/uploads\/2024\/04\/0ZPAxZNF.jpeg","datePublished":"2023-12-28T08:51:01+00:00","dateModified":"2024-04-25T06:34:27+00:00","breadcrumb":{"@id":"https:\/\/wtc.ee\/wtc-tallinn-keskus\/#breadcrumb"},"inLanguage":"en-US","potentialAction":[{"@type":"ReadAction","target":["https:\/\/wtc.ee\/wtc-tallinn-keskus\/"]}]},{"@type":"ImageObject","inLanguage":"en-US","@id":"https:\/\/wtc.ee\/wtc-tallinn-keskus\/#primaryimage","url":"http:\/\/wtc.ee\/wp-content\/uploads\/2024\/04\/0ZPAxZNF.jpeg","contentUrl":"http:\/\/wtc.ee\/wp-content\/uploads\/2024\/04\/0ZPAxZNF.jpeg"},{"@type":"BreadcrumbList","@id":"https:\/\/wtc.ee\/wtc-tallinn-keskus\/#breadcrumb","itemListElement":[{"@type":"ListItem","position":1,"name":"Home","item":"https:\/\/wtc.ee\/"},{"@type":"ListItem","position":2,"name":"WTC Tallinn keskus"}]},{"@type":"WebSite","@id":"https:\/\/wtc.ee\/#website","url":"https:\/\/wtc.ee\/","name":"WTC Tallinn AS","description":"The best office spaces in the city center","publisher":{"@id":"https:\/\/wtc.ee\/#organization"},"potentialAction":[{"@type":"SearchAction","target":{"@type":"EntryPoint","urlTemplate":"https:\/\/wtc.ee\/?s={search_term_string}"},"query-input":{"@type":"PropertyValueSpecification","valueRequired":true,"valueName":"search_term_string"}}],"inLanguage":"en-US"},{"@type":"Organization","@id":"https:\/\/wtc.ee\/#organization","name":"WTC Tallinn AS","url":"https:\/\/wtc.ee\/","logo":{"@type":"ImageObject","inLanguage":"en-US","@id":"https:\/\/wtc.ee\/#\/schema\/logo\/image\/","url":"https:\/\/wtc.ee\/wp-content\/uploads\/2024\/05\/cropped-wtc_logo_color_high_res.jpg","contentUrl":"https:\/\/wtc.ee\/wp-content\/uploads\/2024\/05\/cropped-wtc_logo_color_high_res.jpg","width":1803,"height":360,"caption":"WTC Tallinn AS"},"image":{"@id":"https:\/\/wtc.ee\/#\/schema\/logo\/image\/"}}]}},"_links":{"self":[{"href":"https:\/\/wtc.ee\/en\/wp-json\/wp\/v2\/pages\/82","targetHints":{"allow":["GET"]}}],"collection":[{"href":"https:\/\/wtc.ee\/en\/wp-json\/wp\/v2\/pages"}],"about":[{"href":"https:\/\/wtc.ee\/en\/wp-json\/wp\/v2\/types\/page"}],"author":[{"embeddable":true,"href":"https:\/\/wtc.ee\/en\/wp-json\/wp\/v2\/users\/1"}],"replies":[{"embeddable":true,"href":"https:\/\/wtc.ee\/en\/wp-json\/wp\/v2\/comments?post=82"}],"version-history":[{"count":431,"href":"https:\/\/wtc.ee\/en\/wp-json\/wp\/v2\/pages\/82\/revisions"}],"predecessor-version":[{"id":970,"href":"https:\/\/wtc.ee\/en\/wp-json\/wp\/v2\/pages\/82\/revisions\/970"}],"wp:attachment":[{"href":"https:\/\/wtc.ee\/en\/wp-json\/wp\/v2\/media?parent=82"}],"curies":[{"name":"wp","href":"https:\/\/api.w.org\/{rel}","templated":true}]}}