{"id":241,"date":"2024-04-22T14:10:31","date_gmt":"2024-04-22T11:10:31","guid":{"rendered":"https:\/\/wtc.ee\/?page_id=241"},"modified":"2025-02-26T11:06:15","modified_gmt":"2025-02-26T09:06:15","slug":"rentnikule","status":"publish","type":"page","link":"https:\/\/wtc.ee\/en\/rentnikule\/","title":{"rendered":"To the tenant"},"content":{"rendered":"<div data-elementor-type=\"wp-page\" data-elementor-id=\"241\" class=\"elementor elementor-241\">\n\t\t\t\t<div class=\"elementor-element elementor-element-bdc59cf e-flex e-con-boxed e-con e-parent\" data-id=\"bdc59cf\" data-element_type=\"container\" data-e-type=\"container\" data-settings=\"{&quot;background_background&quot;:&quot;classic&quot;}\">\n\t\t\t\t\t<div class=\"e-con-inner\">\n\t\t\t\t<div class=\"elementor-element elementor-element-7914822 elementor-widget__width-initial elementor-widget elementor-widget-text-editor\" data-id=\"7914822\" data-element_type=\"widget\" data-e-type=\"widget\" data-widget_type=\"text-editor.default\">\n\t\t\t\t<div class=\"elementor-widget-container\">\n\t\t\t\t\t\t\t\t\t<h1 style=\"text-align: left;\"><span style=\"color: #ffffff;\">\u00a0Business services of WTC Tallinn AS<\/span><\/h1>\t\t\t\t\t\t\t\t<\/div>\n\t\t\t\t<\/div>\n\t\t\t\t\t<\/div>\n\t\t\t\t<\/div>\n\t\t<div class=\"elementor-element elementor-element-313281a e-flex e-con-boxed e-con e-parent\" data-id=\"313281a\" data-element_type=\"container\" data-e-type=\"container\" data-settings=\"{&quot;background_background&quot;:&quot;classic&quot;}\">\n\t\t\t\t\t<div class=\"e-con-inner\">\n\t\t<div class=\"elementor-element elementor-element-689299e e-con-full e-flex e-con e-child\" data-id=\"689299e\" data-element_type=\"container\" data-e-type=\"container\" data-settings=\"{&quot;background_background&quot;:&quot;classic&quot;}\">\n\t\t\t\t<div class=\"elementor-element elementor-element-5ce9ed1 elementor-widget elementor-widget-text-editor\" data-id=\"5ce9ed1\" data-element_type=\"widget\" data-e-type=\"widget\" data-widget_type=\"text-editor.default\">\n\t\t\t\t<div class=\"elementor-widget-container\">\n\t\t\t\t\t\t\t\t\t<h5><span style=\"color: #808080;\">We offer the opportunity to publish advertising on the billboards in the elevators of the WTC Tallinn center (7 units). <\/span><span style=\"color: #808080;\">Ahtri tn 8 (2); Ahtri tn 12 (1); 5 River St. (1); Parda tn 4 (2); Parda tn 3\/5\/7 (1)<\/span><\/h5><h5><span style=\"color: #333333;\"><strong>To the tenant: <\/strong><\/span><\/h5><ul><li><h5><span style=\"color: #808080;\">A4 horizontal 1 week\/ 5\u20ac\/ elevator<\/span><\/h5><\/li><li><h5><span style=\"color: #808080;\">A3 horizontal 1 week\/ 10\u20ac\/ lift<\/span><\/h5><\/li><\/ul><h5><span style=\"color: #333333;\"><strong>For the user of the service:<\/strong><\/span><\/h5><ul><li><h5><span style=\"color: #808080;\">A4 horizontal 1 week\/ 30\u20ac\/ lift<\/span><\/h5><\/li><li><h5><span style=\"color: #808080;\">A3 horizontal 1 week\/ 35\u20ac\/ lift<\/span><\/h5><\/li><\/ul><h5><span style=\"color: #808080;\">Other advertisements in elevators by agreement!<\/span><\/h5><h5><strong>Possibilities of using a business address<\/strong><\/h5><ul><li><h5><span style=\"color: #808080;\">the service includes a mailbox in the J\u00f5e 5 office building, the use of two postal addresses according to the contract, 300\u20ac \/+km\/ year.<\/span><\/h5><\/li><\/ul>\t\t\t\t\t\t\t\t<\/div>\n\t\t\t\t<\/div>\n\t\t\t\t<\/div>\n\t\t<div class=\"elementor-element elementor-element-6897320 e-con-full e-flex e-con e-child\" data-id=\"6897320\" data-element_type=\"container\" data-e-type=\"container\" data-settings=\"{&quot;background_background&quot;:&quot;classic&quot;}\">\n\t\t\t\t<div class=\"elementor-element elementor-element-052fb27 elementor-widget elementor-widget-text-editor\" data-id=\"052fb27\" data-element_type=\"widget\" data-e-type=\"widget\" data-widget_type=\"text-editor.default\">\n\t\t\t\t<div class=\"elementor-widget-container\">\n\t\t\t\t\t\t\t\t\t<h5 style=\"text-align: left;\"><span style=\"color: #333333;\"><strong>Other advertising (one-time fee)<\/strong> <\/span><\/h5><ul><li><h5><span style=\"color: #808080;\">the possibility of using the mailbox during the period of the office space contract - 32\u20ac <\/span><\/h5><\/li><li><h5><span style=\"color: #808080;\">company name on the house manager - 25\u20ac<\/span><\/h5><\/li><li><h5><span style=\"color: #808080;\">company name next to the door - 25\u20ac<\/span><\/h5><\/li><li><h5><span style=\"color: #808080;\">company name in the lobby of the elevator floor - 25\u20ac<\/span><\/h5><\/li><li><h5><span style=\"color: #808080;\">company name on phone lock - 25\u20ac<\/span><\/h5><\/li><li><h5><span style=\"color: #808080;\">house manager next to the front door (according to the order) - 100\u20ac\/ 1 place<\/span><\/h5><\/li><li><h5><span style=\"color: #808080;\">advertisement on the facade\/ glass of the house (according to the order) - 100\u20ac\/ 1 place<\/span><\/h5><\/li><li><h5><span style=\"color: #808080;\">outdoor advertising on the facade of the house - according to the contract<\/span><\/h5><\/li><\/ul><h5><span style=\"color: #333333;\"><strong>Reproduction service<\/strong><\/span><\/h5><ul><li><h5><span style=\"color: #808080;\">copy A4 \u20ac0.20\/page<\/span><\/h5><\/li><li><h5><span style=\"color: #808080;\">copy A3 \u20ac0.30\/page<\/span><\/h5><\/li><\/ul><h5><span style=\"color: #808080;\">Kilometers are added to the prices.<\/span><\/h5>\t\t\t\t\t\t\t\t<\/div>\n\t\t\t\t<\/div>\n\t\t\t\t<\/div>\n\t\t\t\t\t<\/div>\n\t\t\t\t<\/div>\n\t\t<div class=\"elementor-element elementor-element-dd86fde e-flex e-con-boxed e-con e-parent\" data-id=\"dd86fde\" data-element_type=\"container\" data-e-type=\"container\">\n\t\t\t\t\t<div class=\"e-con-inner\">\n\t\t<div class=\"elementor-element elementor-element-536407d e-flex e-con-boxed e-con e-child\" data-id=\"536407d\" data-element_type=\"container\" data-e-type=\"container\" data-settings=\"{&quot;background_background&quot;:&quot;classic&quot;}\">\n\t\t\t\t\t<div class=\"e-con-inner\">\n\t\t\t\t<div class=\"elementor-element elementor-element-3cd2529 elementor-widget__width-initial elementor-widget elementor-widget-text-editor\" data-id=\"3cd2529\" data-element_type=\"widget\" data-e-type=\"widget\" data-widget_type=\"text-editor.default\">\n\t\t\t\t<div class=\"elementor-widget-container\">\n\t\t\t\t\t\t\t\t\t<h1 style=\"text-align: left;\"><span style=\"color: #ffffff;\">Administrative services<\/span><\/h1>\t\t\t\t\t\t\t\t<\/div>\n\t\t\t\t<\/div>\n\t\t\t\t\t<\/div>\n\t\t\t\t<\/div>\n\t\t\t\t\t<\/div>\n\t\t\t\t<\/div>\n\t\t<div class=\"elementor-element elementor-element-ed16a5d e-flex e-con-boxed e-con e-parent\" data-id=\"ed16a5d\" data-element_type=\"container\" data-e-type=\"container\">\n\t\t\t\t\t<div class=\"e-con-inner\">\n\t\t\t\t<div class=\"elementor-element elementor-element-584fb9a elementor-align-left elementor-widget elementor-widget-button\" data-id=\"584fb9a\" data-element_type=\"widget\" data-e-type=\"widget\" data-widget_type=\"button.default\">\n\t\t\t\t<div class=\"elementor-widget-container\">\n\t\t\t\t\t\t\t\t\t<div class=\"elementor-button-wrapper\">\n\t\t\t\t\t<a class=\"elementor-button elementor-button-link elementor-size-sm\" href=\"https:\/\/wtc.ee\/en\/haldusteenuse-tellimine\/\">\n\t\t\t\t\t\t<span class=\"elementor-button-content-wrapper\">\n\t\t\t\t\t\t<span class=\"elementor-button-icon\">\n\t\t\t\t<i aria-hidden=\"true\" class=\"icon icon-repair\"><\/i>\t\t\t<\/span>\n\t\t\t\t\t\t\t\t\t<span class=\"elementor-button-text\">Order management service!<\/span>\n\t\t\t\t\t<\/span>\n\t\t\t\t\t<\/a>\n\t\t\t\t<\/div>\n\t\t\t\t\t\t\t\t<\/div>\n\t\t\t\t<\/div>\n\t\t\t\t<div class=\"elementor-element elementor-element-5947c0c elementor-widget elementor-widget-text-editor\" data-id=\"5947c0c\" data-element_type=\"widget\" data-e-type=\"widget\" data-widget_type=\"text-editor.default\">\n\t\t\t\t<div class=\"elementor-widget-container\">\n\t\t\t\t\t\t\t\t\t<h5><span style=\"color: #333333;\"><strong>The price of the challenge is 25\u20ac\/+km, includes up to 1 hour of work, plus the price of spare parts and materials.<\/strong><\/span><\/h5><ul><li><h5><span style=\"color: #808080;\">the price of an extra hour for a craftsman or worker is 10\u20ac\/h + the cost of materials; in the case of larger works, a separate quotation will be drawn up;<\/span><\/h5><\/li><li><h5><span style=\"color: #808080;\">replacement of a lost key (mailbox, office space) with a new one - 15\u20ac\/+km;<\/span><\/h5><\/li><li><h5><span style=\"color: #808080;\">b\u00fcrooruumi ukse avamine t\u00f6\u00f6v\u00e4lisel ajal-\u00a0 100\u20ac\/+km.<\/span><\/h5><\/li><\/ul><h5><strong>Replacement of lighting equipment (challenge fee 5\u20ac\/+ price of light bulb replacement):<\/strong><\/h5><ul><li><h5><span style=\"color: #808080;\">fluorescent tubes 18W- 3\u20ac<\/span><\/h5><\/li><li><h5><span style=\"color: #808080;\">fluorescent tubes 30W\/36W\/58W - 7\u20ac<\/span><\/h5><\/li><li><h5><span style=\"color: #808080;\">starter S2 4-65W- 1\u20ac<\/span><\/h5><\/li><li><h5><span style=\"color: #808080;\">compact lamp 9W\/18W\/26W - 5\u20ac<\/span><\/h5><\/li><li><h5><span style=\"color: #808080;\">halogen bulb 12V 20W- 1\u20ac<\/span><\/h5><\/li><li><h5><span style=\"color: #808080;\">LED bulb 5W -11W- 7\u20ac<\/span><\/h5><\/li><\/ul><h5><strong>Reproduction service<\/strong><\/h5><ul><li><h5><span style=\"color: #808080;\">copy A4 \u20ac0.20\/page<\/span><\/h5><\/li><li><h5><span style=\"color: #808080;\">copy A3 \u20ac0.30\/page<\/span><\/h5><\/li><\/ul><h5><strong>NB! <\/strong><span style=\"color: #808080;\">An act is drawn up for each execution of works, on the basis of which an invoice is presented to the customer of the work.<\/span><\/h5>\t\t\t\t\t\t\t\t<\/div>\n\t\t\t\t<\/div>\n\t\t\t\t\t<\/div>\n\t\t\t\t<\/div>\n\t\t<div class=\"elementor-element elementor-element-1bb1bf8 e-flex e-con-boxed e-con e-parent\" data-id=\"1bb1bf8\" data-element_type=\"container\" data-e-type=\"container\" data-settings=\"{&quot;background_background&quot;:&quot;classic&quot;}\">\n\t\t\t\t\t<div class=\"e-con-inner\">\n\t\t\t\t<div class=\"elementor-element elementor-element-c6e06af elementor-widget__width-initial elementor-widget elementor-widget-text-editor\" data-id=\"c6e06af\" data-element_type=\"widget\" data-e-type=\"widget\" data-widget_type=\"text-editor.default\">\n\t\t\t\t<div class=\"elementor-widget-container\">\n\t\t\t\t\t\t\t\t\t<h1 style=\"text-align: left;\"><span style=\"color: #ffffff;\">Internal regulations and safety instructions<\/span><\/h1>\t\t\t\t\t\t\t\t<\/div>\n\t\t\t\t<\/div>\n\t\t\t\t\t<\/div>\n\t\t\t\t<\/div>\n\t\t<div class=\"elementor-element elementor-element-f33a7e7 e-flex e-con-boxed e-con e-parent\" data-id=\"f33a7e7\" data-element_type=\"container\" data-e-type=\"container\">\n\t\t\t\t\t<div class=\"e-con-inner\">\n\t\t\t\t<div class=\"elementor-element elementor-element-34c17a2 ekit-equal-height-enable elementor-widget elementor-widget-elementskit-icon-box\" data-id=\"34c17a2\" data-element_type=\"widget\" data-e-type=\"widget\" data-widget_type=\"elementskit-icon-box.default\">\n\t\t\t\t<div class=\"elementor-widget-container\">\n\t\t\t\t\t<div class=\"ekit-wid-con\" >        <!-- link opening -->\n                <a href=\"https:\/\/wtc.ee\/en\/ohutusjuhendid-ja-sisekorra-eeskirjad\/\" class=\"ekit_global_links\">\n                <!-- end link opening -->\n\n        <div class=\"elementskit-infobox text-left text-left icon-lef-right-aligin elementor-animation- media\">\n                            <div class=\"elementskit-box-header\">\n                <div class=\"elementskit-info-box-icon text-center\">\n                    <img decoding=\"async\" src=\"\" title=\"\" alt=\"\" class=\"\" \/>                <\/div>\n          <\/div>\n                <div class=\"box-body\">\n                            <h1 class=\"elementskit-info-box-title\">\n                    Internal regulations and safety instructions                <\/h1>\n                                            <\/div>\n        \n        \n                <\/div>\n                <\/a>\n        <\/div>\t\t\t\t<\/div>\n\t\t\t\t<\/div>\n\t\t\t\t\t<\/div>\n\t\t\t\t<\/div>\n\t\t<div class=\"elementor-element elementor-element-7e11939 e-flex e-con-boxed e-con e-parent\" data-id=\"7e11939\" data-element_type=\"container\" data-e-type=\"container\" data-settings=\"{&quot;background_background&quot;:&quot;classic&quot;}\">\n\t\t\t\t\t<div class=\"e-con-inner\">\n\t\t\t\t<div class=\"elementor-element elementor-element-1277efb elementor-widget__width-initial elementor-widget elementor-widget-text-editor\" data-id=\"1277efb\" data-element_type=\"widget\" data-e-type=\"widget\" data-widget_type=\"text-editor.default\">\n\t\t\t\t<div class=\"elementor-widget-container\">\n\t\t\t\t\t\t\t\t\t<h1 style=\"text-align: left;\"><span style=\"color: #ffffff;\">Tenants<\/span><\/h1>\t\t\t\t\t\t\t\t<\/div>\n\t\t\t\t<\/div>\n\t\t\t\t\t<\/div>\n\t\t\t\t<\/div>\n\t\t<div class=\"elementor-element elementor-element-61e7177 e-flex e-con-boxed e-con e-parent\" data-id=\"61e7177\" data-element_type=\"container\" data-e-type=\"container\">\n\t\t\t\t\t<div class=\"e-con-inner\">\n\t\t\t\t<div class=\"elementor-element elementor-element-6adfb04 ekit-equal-height-enable elementor-widget elementor-widget-elementskit-icon-box\" data-id=\"6adfb04\" data-element_type=\"widget\" data-e-type=\"widget\" data-widget_type=\"elementskit-icon-box.default\">\n\t\t\t\t<div class=\"elementor-widget-container\">\n\t\t\t\t\t<div class=\"ekit-wid-con\" >        <!-- link opening -->\n                <a href=\"https:\/\/wtc.ee\/en\/rentnikud\/\" class=\"ekit_global_links\">\n                <!-- end link opening -->\n\n        <div class=\"elementskit-infobox text- text- icon-lef-right-aligin elementor-animation-  gradient-active  hover_from_left\">\n                        <div class=\"box-body\">\n                            <h1 class=\"elementskit-info-box-title\">\n                    Tenants                <\/h1>\n                                            <\/div>\n        \n        \n                <\/div>\n                <\/a>\n        <\/div>\t\t\t\t<\/div>\n\t\t\t\t<\/div>\n\t\t\t\t\t<\/div>\n\t\t\t\t<\/div>\n\t\t\t\t<\/div>","protected":false},"excerpt":{"rendered":"<p>\u00a0WTC Tallinn AS \u00e4riteenused Pakume v\u00f5imalust WTC Tallinn keskuse liftides(7tk) olevatel stendidel reklaami avaldamiseks. Ahtri tn 8 (2); Ahtri tn 12 (1); J\u00f5e tn 5 (1); Parda tn 4 (2); Parda tn 3\/5\/7 (1) \u00dc\u00fcrnikule: A4 horisontaal 1 n\u00e4dal\/ 5\u20ac\/ lift A3 horisontaal 1 n\u00e4dal\/ 10\u20ac\/ lift Teenuse kasutajale: A4 horisontaal 1 n\u00e4dal\/ 30\u20ac\/ lift A3 horisontaal 1 n\u00e4dal\/ 35\u20ac\/ [&hellip;]<\/p>","protected":false},"author":1,"featured_media":0,"parent":0,"menu_order":0,"comment_status":"closed","ping_status":"closed","template":"","meta":{"iawp_total_views":741,"footnotes":""},"class_list":["post-241","page","type-page","status-publish","hentry"],"yoast_head":"<!-- This site is optimized with the Yoast SEO plugin v27.3 - https:\/\/yoast.com\/product\/yoast-seo-wordpress\/ -->\n<title>Rentnikule - WTC Tallinn AS<\/title>\n<meta name=\"robots\" content=\"index, follow, max-snippet:-1, max-image-preview:large, max-video-preview:-1\" \/>\n<link rel=\"canonical\" href=\"https:\/\/wtc.ee\/en\/rentnikule\/\" \/>\n<meta property=\"og:locale\" content=\"en_US\" \/>\n<meta property=\"og:type\" content=\"article\" \/>\n<meta property=\"og:title\" content=\"Rentnikule - WTC Tallinn AS\" \/>\n<meta property=\"og:description\" content=\"\u00a0WTC Tallinn AS \u00e4riteenused Pakume v\u00f5imalust WTC Tallinn keskuse liftides(7tk) olevatel stendidel reklaami avaldamiseks. Ahtri tn 8 (2); Ahtri tn 12 (1); J\u00f5e tn 5 (1); Parda tn 4 (2); Parda tn 3\/5\/7 (1) \u00dc\u00fcrnikule: A4 horisontaal 1 n\u00e4dal\/ 5\u20ac\/ lift A3 horisontaal 1 n\u00e4dal\/ 10\u20ac\/ lift Teenuse kasutajale: A4 horisontaal 1 n\u00e4dal\/ 30\u20ac\/ lift A3 horisontaal 1 n\u00e4dal\/ 35\u20ac\/ [&hellip;]\" \/>\n<meta property=\"og:url\" content=\"https:\/\/wtc.ee\/en\/rentnikule\/\" \/>\n<meta property=\"og:site_name\" content=\"WTC Tallinn AS\" \/>\n<meta property=\"article:modified_time\" content=\"2025-02-26T09:06:15+00:00\" \/>\n<meta name=\"twitter:card\" content=\"summary_large_image\" \/>\n<meta name=\"twitter:label1\" content=\"Est. reading time\" \/>\n\t<meta name=\"twitter:data1\" content=\"2 minutes\" \/>\n<script type=\"application\/ld+json\" class=\"yoast-schema-graph\">{\"@context\":\"https:\\\/\\\/schema.org\",\"@graph\":[{\"@type\":\"WebPage\",\"@id\":\"https:\\\/\\\/wtc.ee\\\/rentnikule\\\/\",\"url\":\"https:\\\/\\\/wtc.ee\\\/rentnikule\\\/\",\"name\":\"Rentnikule - WTC Tallinn AS\",\"isPartOf\":{\"@id\":\"https:\\\/\\\/wtc.ee\\\/#website\"},\"datePublished\":\"2024-04-22T11:10:31+00:00\",\"dateModified\":\"2025-02-26T09:06:15+00:00\",\"breadcrumb\":{\"@id\":\"https:\\\/\\\/wtc.ee\\\/rentnikule\\\/#breadcrumb\"},\"inLanguage\":\"en-US\",\"potentialAction\":[{\"@type\":\"ReadAction\",\"target\":[\"https:\\\/\\\/wtc.ee\\\/rentnikule\\\/\"]}]},{\"@type\":\"BreadcrumbList\",\"@id\":\"https:\\\/\\\/wtc.ee\\\/rentnikule\\\/#breadcrumb\",\"itemListElement\":[{\"@type\":\"ListItem\",\"position\":1,\"name\":\"Home\",\"item\":\"https:\\\/\\\/wtc.ee\\\/\"},{\"@type\":\"ListItem\",\"position\":2,\"name\":\"Rentnikule\"}]},{\"@type\":\"WebSite\",\"@id\":\"https:\\\/\\\/wtc.ee\\\/#website\",\"url\":\"https:\\\/\\\/wtc.ee\\\/\",\"name\":\"WTC Tallinn AS\",\"description\":\"Parimad b\u00fcroopinnad kesklinnas\",\"publisher\":{\"@id\":\"https:\\\/\\\/wtc.ee\\\/#organization\"},\"potentialAction\":[{\"@type\":\"SearchAction\",\"target\":{\"@type\":\"EntryPoint\",\"urlTemplate\":\"https:\\\/\\\/wtc.ee\\\/?s={search_term_string}\"},\"query-input\":{\"@type\":\"PropertyValueSpecification\",\"valueRequired\":true,\"valueName\":\"search_term_string\"}}],\"inLanguage\":\"en-US\"},{\"@type\":\"Organization\",\"@id\":\"https:\\\/\\\/wtc.ee\\\/#organization\",\"name\":\"WTC Tallinn AS\",\"url\":\"https:\\\/\\\/wtc.ee\\\/\",\"logo\":{\"@type\":\"ImageObject\",\"inLanguage\":\"en-US\",\"@id\":\"https:\\\/\\\/wtc.ee\\\/#\\\/schema\\\/logo\\\/image\\\/\",\"url\":\"https:\\\/\\\/wtc.ee\\\/wp-content\\\/uploads\\\/2024\\\/05\\\/cropped-wtc_logo_color_high_res.jpg\",\"contentUrl\":\"https:\\\/\\\/wtc.ee\\\/wp-content\\\/uploads\\\/2024\\\/05\\\/cropped-wtc_logo_color_high_res.jpg\",\"width\":1803,\"height\":360,\"caption\":\"WTC Tallinn AS\"},\"image\":{\"@id\":\"https:\\\/\\\/wtc.ee\\\/#\\\/schema\\\/logo\\\/image\\\/\"}}]}<\/script>\n<!-- \/ Yoast SEO plugin. -->","yoast_head_json":{"title":"Rentnikule - WTC Tallinn AS","robots":{"index":"index","follow":"follow","max-snippet":"max-snippet:-1","max-image-preview":"max-image-preview:large","max-video-preview":"max-video-preview:-1"},"canonical":"https:\/\/wtc.ee\/en\/rentnikule\/","og_locale":"en_US","og_type":"article","og_title":"Rentnikule - WTC Tallinn AS","og_description":"\u00a0WTC Tallinn AS \u00e4riteenused Pakume v\u00f5imalust WTC Tallinn keskuse liftides(7tk) olevatel stendidel reklaami avaldamiseks. Ahtri tn 8 (2); Ahtri tn 12 (1); J\u00f5e tn 5 (1); Parda tn 4 (2); Parda tn 3\/5\/7 (1) \u00dc\u00fcrnikule: A4 horisontaal 1 n\u00e4dal\/ 5\u20ac\/ lift A3 horisontaal 1 n\u00e4dal\/ 10\u20ac\/ lift Teenuse kasutajale: A4 horisontaal 1 n\u00e4dal\/ 30\u20ac\/ lift A3 horisontaal 1 n\u00e4dal\/ 35\u20ac\/ [&hellip;]","og_url":"https:\/\/wtc.ee\/en\/rentnikule\/","og_site_name":"WTC Tallinn AS","article_modified_time":"2025-02-26T09:06:15+00:00","twitter_card":"summary_large_image","twitter_misc":{"Est. reading time":"2 minutes"},"schema":{"@context":"https:\/\/schema.org","@graph":[{"@type":"WebPage","@id":"https:\/\/wtc.ee\/rentnikule\/","url":"https:\/\/wtc.ee\/rentnikule\/","name":"Rentnikule - WTC Tallinn AS","isPartOf":{"@id":"https:\/\/wtc.ee\/#website"},"datePublished":"2024-04-22T11:10:31+00:00","dateModified":"2025-02-26T09:06:15+00:00","breadcrumb":{"@id":"https:\/\/wtc.ee\/rentnikule\/#breadcrumb"},"inLanguage":"en-US","potentialAction":[{"@type":"ReadAction","target":["https:\/\/wtc.ee\/rentnikule\/"]}]},{"@type":"BreadcrumbList","@id":"https:\/\/wtc.ee\/rentnikule\/#breadcrumb","itemListElement":[{"@type":"ListItem","position":1,"name":"Home","item":"https:\/\/wtc.ee\/"},{"@type":"ListItem","position":2,"name":"Rentnikule"}]},{"@type":"WebSite","@id":"https:\/\/wtc.ee\/#website","url":"https:\/\/wtc.ee\/","name":"WTC Tallinn AS","description":"The best office spaces in the city center","publisher":{"@id":"https:\/\/wtc.ee\/#organization"},"potentialAction":[{"@type":"SearchAction","target":{"@type":"EntryPoint","urlTemplate":"https:\/\/wtc.ee\/?s={search_term_string}"},"query-input":{"@type":"PropertyValueSpecification","valueRequired":true,"valueName":"search_term_string"}}],"inLanguage":"en-US"},{"@type":"Organization","@id":"https:\/\/wtc.ee\/#organization","name":"WTC Tallinn AS","url":"https:\/\/wtc.ee\/","logo":{"@type":"ImageObject","inLanguage":"en-US","@id":"https:\/\/wtc.ee\/#\/schema\/logo\/image\/","url":"https:\/\/wtc.ee\/wp-content\/uploads\/2024\/05\/cropped-wtc_logo_color_high_res.jpg","contentUrl":"https:\/\/wtc.ee\/wp-content\/uploads\/2024\/05\/cropped-wtc_logo_color_high_res.jpg","width":1803,"height":360,"caption":"WTC Tallinn AS"},"image":{"@id":"https:\/\/wtc.ee\/#\/schema\/logo\/image\/"}}]}},"_links":{"self":[{"href":"https:\/\/wtc.ee\/en\/wp-json\/wp\/v2\/pages\/241","targetHints":{"allow":["GET"]}}],"collection":[{"href":"https:\/\/wtc.ee\/en\/wp-json\/wp\/v2\/pages"}],"about":[{"href":"https:\/\/wtc.ee\/en\/wp-json\/wp\/v2\/types\/page"}],"author":[{"embeddable":true,"href":"https:\/\/wtc.ee\/en\/wp-json\/wp\/v2\/users\/1"}],"replies":[{"embeddable":true,"href":"https:\/\/wtc.ee\/en\/wp-json\/wp\/v2\/comments?post=241"}],"version-history":[{"count":445,"href":"https:\/\/wtc.ee\/en\/wp-json\/wp\/v2\/pages\/241\/revisions"}],"predecessor-version":[{"id":4844,"href":"https:\/\/wtc.ee\/en\/wp-json\/wp\/v2\/pages\/241\/revisions\/4844"}],"wp:attachment":[{"href":"https:\/\/wtc.ee\/en\/wp-json\/wp\/v2\/media?parent=241"}],"curies":[{"name":"wp","href":"https:\/\/api.w.org\/{rel}","templated":true}]}}