{"id":195,"date":"2024-04-22T09:36:11","date_gmt":"2024-04-22T09:36:11","guid":{"rendered":"https:\/\/wtc.ee\/?page_id=195"},"modified":"2025-01-29T09:50:47","modified_gmt":"2025-01-29T07:50:47","slug":"energiateenused","status":"publish","type":"page","link":"https:\/\/wtc.ee\/en\/energiateenused\/","title":{"rendered":"Energy services"},"content":{"rendered":"<div data-elementor-type=\"wp-page\" data-elementor-id=\"195\" class=\"elementor elementor-195\">\n\t\t\t\t<div class=\"elementor-element elementor-element-01415bf e-flex e-con-boxed e-con e-parent\" data-id=\"01415bf\" data-element_type=\"container\" data-e-type=\"container\">\n\t\t\t\t\t<div class=\"e-con-inner\">\n\t\t\t\t<div class=\"elementor-element elementor-element-0a86fa0 ekit-equal-height-disable elementor-invisible elementor-widget elementor-widget-elementskit-image-box\" data-id=\"0a86fa0\" data-element_type=\"widget\" data-e-type=\"widget\" data-settings=\"{&quot;_animation&quot;:&quot;fadeIn&quot;}\" data-widget_type=\"elementskit-image-box.default\">\n\t\t\t\t<div class=\"elementor-widget-container\">\n\t\t\t\t\t<div class=\"ekit-wid-con\" >\n            <div class=\"elementskit-info-image-box ekit-image-box text-left simple-card\" >\n\n                \n                <div class=\"elementskit-box-header image-box-img-left\">\n\n                    <img fetchpriority=\"high\" decoding=\"async\" width=\"1200\" height=\"429\" src=\"https:\/\/wtc.ee\/wp-content\/uploads\/2024\/04\/energiateenused_elekter_madal.jpg\" class=\"attachment-full size-full wp-image-228\" alt=\"\" srcset=\"https:\/\/wtc.ee\/wp-content\/uploads\/2024\/04\/energiateenused_elekter_madal.jpg 1200w, https:\/\/wtc.ee\/wp-content\/uploads\/2024\/04\/energiateenused_elekter_madal-600x215.jpg 600w, https:\/\/wtc.ee\/wp-content\/uploads\/2024\/04\/energiateenused_elekter_madal-300x107.jpg 300w, https:\/\/wtc.ee\/wp-content\/uploads\/2024\/04\/energiateenused_elekter_madal-1024x366.jpg 1024w, https:\/\/wtc.ee\/wp-content\/uploads\/2024\/04\/energiateenused_elekter_madal-768x275.jpg 768w\" sizes=\"(max-width: 1200px) 100vw, 1200px\" \/>\n                <\/div>\n                \n                <div class=\"elementskit-box-body ekit-image-box-body\">\n                    <div class=\"elementskit-box-content ekit-image-box-body-inner\">\n                                                            <\/div>\n\n                            <\/div>\n            <\/div>\n    <\/div>\t\t\t\t<\/div>\n\t\t\t\t<\/div>\n\t\t\t\t<div class=\"elementor-element elementor-element-f10fa06 elementor-invisible elementor-widget elementor-widget-text-editor\" data-id=\"f10fa06\" data-element_type=\"widget\" data-e-type=\"widget\" data-settings=\"{&quot;_animation&quot;:&quot;fadeInDown&quot;}\" data-widget_type=\"text-editor.default\">\n\t\t\t\t<div class=\"elementor-widget-container\">\n\t\t\t\t\t\t\t\t\t<p><span style=\"color: #808080;\">WTC Tallinn AS operates as an electricity distribution network operator. It has an activity license in the service area between J\u00f5e tn, Ahtri tn and Parda tn, approved by the decisions of the Competition Authority. <a href=\"https:\/\/mtr.ttja.ee\/juriidiline_isik\/157931\">https:\/\/mtr.ttja.ee\/juriidiline_isik\/157931<\/a> <\/span><span style=\"color: #808080;\">for the provision of electricity network services through the distribution network. WTC Tallinn AS owns the electricity distribution network located in its service area. <br \/><\/span><\/p>\t\t\t\t\t\t\t\t<\/div>\n\t\t\t\t<\/div>\n\t\t\t\t\t<\/div>\n\t\t\t\t<\/div>\n\t\t<div class=\"elementor-element elementor-element-3607731 e-flex e-con-boxed e-con e-parent\" data-id=\"3607731\" data-element_type=\"container\" data-e-type=\"container\">\n\t\t\t\t\t<div class=\"e-con-inner\">\n\t\t\t\t<div class=\"elementor-element elementor-element-12cdfaf elementor-list-item-link-inline elementor-align-start elementor-widget elementor-widget-icon-list\" data-id=\"12cdfaf\" data-element_type=\"widget\" data-e-type=\"widget\" data-widget_type=\"icon-list.default\">\n\t\t\t\t<div class=\"elementor-widget-container\">\n\t\t\t\t\t\t\t<ul class=\"elementor-icon-list-items\">\n\t\t\t\t\t\t\t<li class=\"elementor-icon-list-item\">\n\t\t\t\t\t\t\t\t\t\t\t<span class=\"elementor-icon-list-icon\">\n\t\t\t\t\t\t\t<svg aria-hidden=\"true\" class=\"e-font-icon-svg e-far-check-circle\" viewbox=\"0 0 512 512\" xmlns=\"http:\/\/www.w3.org\/2000\/svg\"><path d=\"M256 8C119.033 8 8 119.033 8 256s111.033 248 248 248 248-111.033 248-248S392.967 8 256 8zm0 48c110.532 0 200 89.451 200 200 0 110.532-89.451 200-200 200-110.532 0-200-89.451-200-200 0-110.532 89.451-200 200-200m140.204 130.267l-22.536-22.718c-4.667-4.705-12.265-4.736-16.97-.068L215.346 303.697l-59.792-60.277c-4.667-4.705-12.265-4.736-16.97-.069l-22.719 22.536c-4.705 4.667-4.736 12.265-.068 16.971l90.781 91.516c4.667 4.705 12.265 4.736 16.97.068l172.589-171.204c4.704-4.668 4.734-12.266.067-16.971z\"><\/path><\/svg>\t\t\t\t\t\t<\/span>\n\t\t\t\t\t\t\t\t\t\t<span class=\"elementor-icon-list-text\">In connection with the established detailed planning, it is planned to introduce the most innovative solutions of the moment.<\/span>\n\t\t\t\t\t\t\t\t\t<\/li>\n\t\t\t\t\t\t\t\t<li class=\"elementor-icon-list-item\">\n\t\t\t\t\t\t\t\t\t\t\t<span class=\"elementor-icon-list-icon\">\n\t\t\t\t\t\t\t<svg aria-hidden=\"true\" class=\"e-font-icon-svg e-far-check-circle\" viewbox=\"0 0 512 512\" xmlns=\"http:\/\/www.w3.org\/2000\/svg\"><path d=\"M256 8C119.033 8 8 119.033 8 256s111.033 248 248 248 248-111.033 248-248S392.967 8 256 8zm0 48c110.532 0 200 89.451 200 200 0 110.532-89.451 200-200 200-110.532 0-200-89.451-200-200 0-110.532 89.451-200 200-200m140.204 130.267l-22.536-22.718c-4.667-4.705-12.265-4.736-16.97-.068L215.346 303.697l-59.792-60.277c-4.667-4.705-12.265-4.736-16.97-.069l-22.719 22.536c-4.705 4.667-4.736 12.265-.068 16.971l90.781 91.516c4.667 4.705 12.265 4.736 16.97.068l172.589-171.204c4.704-4.668 4.734-12.266.067-16.971z\"><\/path><\/svg>\t\t\t\t\t\t<\/span>\n\t\t\t\t\t\t\t\t\t\t<span class=\"elementor-icon-list-text\">In the future, the goal is to abandon the use of fossil non-renewable energy sources, including natural gas, and to apply for the LEED Platinum energy-efficient building certificate for the buildings built according to the detailed plan.<\/span>\n\t\t\t\t\t\t\t\t\t<\/li>\n\t\t\t\t\t\t\t\t<li class=\"elementor-icon-list-item\">\n\t\t\t\t\t\t\t\t\t\t\t<span class=\"elementor-icon-list-icon\">\n\t\t\t\t\t\t\t<svg aria-hidden=\"true\" class=\"e-font-icon-svg e-far-check-circle\" viewbox=\"0 0 512 512\" xmlns=\"http:\/\/www.w3.org\/2000\/svg\"><path d=\"M256 8C119.033 8 8 119.033 8 256s111.033 248 248 248 248-111.033 248-248S392.967 8 256 8zm0 48c110.532 0 200 89.451 200 200 0 110.532-89.451 200-200 200-110.532 0-200-89.451-200-200 0-110.532 89.451-200 200-200m140.204 130.267l-22.536-22.718c-4.667-4.705-12.265-4.736-16.97-.068L215.346 303.697l-59.792-60.277c-4.667-4.705-12.265-4.736-16.97-.069l-22.719 22.536c-4.705 4.667-4.736 12.265-.068 16.971l90.781 91.516c4.667 4.705 12.265 4.736 16.97.068l172.589-171.204c4.704-4.668 4.734-12.266.067-16.971z\"><\/path><\/svg>\t\t\t\t\t\t<\/span>\n\t\t\t\t\t\t\t\t\t\t<span class=\"elementor-icon-list-text\">New buildings are designed to be energy efficient, using ground heating, district heating, district cooling and solar panels.<\/span>\n\t\t\t\t\t\t\t\t\t<\/li>\n\t\t\t\t\t\t<\/ul>\n\t\t\t\t\t\t<\/div>\n\t\t\t\t<\/div>\n\t\t\t\t\t<\/div>\n\t\t\t\t<\/div>\n\t\t<div class=\"elementor-element elementor-element-e81676f e-flex e-con-boxed e-con e-parent\" data-id=\"e81676f\" data-element_type=\"container\" data-e-type=\"container\">\n\t\t\t\t\t<div class=\"e-con-inner\">\n\t\t\t\t<div class=\"elementor-element elementor-element-63516f2 elementor-widget elementor-widget-text-editor\" data-id=\"63516f2\" data-element_type=\"widget\" data-e-type=\"widget\" data-widget_type=\"text-editor.default\">\n\t\t\t\t<div class=\"elementor-widget-container\">\n\t\t\t\t\t\t\t\t\t<h1>Network service and network charges<\/h1>\t\t\t\t\t\t\t\t<\/div>\n\t\t\t\t<\/div>\n\t\t\t\t\t<\/div>\n\t\t\t\t<\/div>\n\t\t<div class=\"elementor-element elementor-element-e7ebc6b e-flex e-con-boxed e-con e-parent\" data-id=\"e7ebc6b\" data-element_type=\"container\" data-e-type=\"container\">\n\t\t\t\t\t<div class=\"e-con-inner\">\n\t\t\t\t<div class=\"elementor-element elementor-element-9d21768 elementor-widget elementor-widget-text-editor\" data-id=\"9d21768\" data-element_type=\"widget\" data-e-type=\"widget\" data-widget_type=\"text-editor.default\">\n\t\t\t\t<div class=\"elementor-widget-container\">\n\t\t\t\t\t\t\t\t\t<p><span style=\"color: #808080;\">WTC Tallinn AS provides electricity network services to consumers connected to its electricity network. The service area of WTC Tallinn AS electricity network for operating through the distribution network by providing network services has been determined by the Energy Market Inspectorate&#039;s decision No. 48-TL\/EITS of 02.04.2004 and is located in Tallinn in the area between Ahtri tn, J\u00f5e tn and Parda tn. The service area includes the following properties\/buildings: J\u00f5e tn 3, J\u00f5e tn 5, J\u00f5e tn 7, Ahtri tn 8, Ahtri tn 12, Parda tn 3\/5\/7, Parda tn 4, Parda tn 6, Parda tn 8, Parda tn 9, Parda tn 10, Parda tn 12.<\/span><\/p><p><span style=\"color: #808080;\">The network charges valid from 01.02.2023 have been approved by the Competition Board&#039;s decision No. 7-3\/2022-168 of 27.10.2022 and have been disclosed in accordance with \u00a774 subsection 1 of the Electricity Market Act.<\/span><\/p>\t\t\t\t\t\t\t\t<\/div>\n\t\t\t\t<\/div>\n\t\t\t\t\t<\/div>\n\t\t\t\t<\/div>\n\t\t<div class=\"elementor-element elementor-element-8187f21 e-flex e-con-boxed e-con e-parent\" data-id=\"8187f21\" data-element_type=\"container\" data-e-type=\"container\">\n\t\t\t\t\t<div class=\"e-con-inner\">\n\t\t\t\t<div class=\"elementor-element elementor-element-bab2fbc elementor-widget elementor-widget-text-editor\" data-id=\"bab2fbc\" data-element_type=\"widget\" data-e-type=\"widget\" data-widget_type=\"text-editor.default\">\n\t\t\t\t<div class=\"elementor-widget-container\">\n\t\t\t\t\t\t\t\t\t<h1>Price packages<\/h1>\t\t\t\t\t\t\t\t<\/div>\n\t\t\t\t<\/div>\n\t\t\t\t\t<\/div>\n\t\t\t\t<\/div>\n\t\t<div class=\"elementor-element elementor-element-809cd57 e-flex e-con-boxed e-con e-parent\" data-id=\"809cd57\" data-element_type=\"container\" data-e-type=\"container\">\n\t\t\t\t\t<div class=\"e-con-inner\">\n\t\t\t\t\t<\/div>\n\t\t\t\t<\/div>\n\t\t<div class=\"elementor-element elementor-element-c20edc9 e-flex e-con-boxed e-con e-parent\" data-id=\"c20edc9\" data-element_type=\"container\" data-e-type=\"container\">\n\t\t\t\t\t<div class=\"e-con-inner\">\n\t\t\t\t<div class=\"elementor-element elementor-element-e42b80c elementor-widget elementor-widget-text-editor\" data-id=\"e42b80c\" data-element_type=\"widget\" data-e-type=\"widget\" data-widget_type=\"text-editor.default\">\n\t\t\t\t<div class=\"elementor-widget-container\">\n\t\t\t\t\t\t\t\t\t<p><span style=\"color: #808080;\">0.38kV voltage at connection point, with main fuse up to 63A<\/span><br><span style=\"color: #808080;\"><strong>Network service with basic tariff, package 1M<\/strong><\/span><br><span style=\"color: #808080;\">transmission fee basic tariff 6,960 \u20acs\/kWh<\/span><\/p>\n<p><span style=\"color: #808080;\"><strong>Network service with time tariffs, package 2M<\/strong><\/span><br><span style=\"color: #808080;\">transmission fee daily rate 8.159 \u20acs\/kWh<\/span><br><span style=\"color: #808080;\">transmission charge night tariff 5,100 \u20acs\/kWh<\/span><\/p>\n<p><\/p>\n<p><span style=\"color: #808080;\"><strong>Network service with basic tariff, package 5M<\/strong><\/span><br><span style=\"color: #808080;\">transmission charge basic tariff 6.4 \u20acs\/kWh<\/span><\/p>\n<p><span style=\"color: #808080;\"><strong>Network service with time tariffs, package 6M<\/strong><\/span><br><span style=\"color: #808080;\">transmission fee daily rate 6,800 \u20acs\/kWh<\/span><br><span style=\"color: #808080;\">transmission fee night tariff 4.109 \u20acs\/kWh<\/span><\/p>\n<p>0.38kV voltage at connection point, with main fuse over 63A<br>Ampere-based fee for network connection \u20ac0.408\/A per month<\/p>\n<p><span style=\"color: #808080;\">VAT is added to the prices.<\/span><\/p>\n<div>&nbsp;<\/div>\n<div>&nbsp;<\/div>\n<div>&nbsp;<\/div>\n<div>&nbsp;<\/div>\n<p><\/p>\n<div>&nbsp;<\/div>\n<p><\/p>\n<div>&nbsp;<\/div>\n<p><\/p>\n<div>&nbsp;<\/div>\n<p><\/p>\n<div>&nbsp;<\/div>\n<p><\/p><div><br><\/div><div><br><\/div><div><br><\/div><div><br><\/div><div><br><\/div><div><br><\/div><div><br><\/div>\t\t\t\t\t\t\t\t<\/div>\n\t\t\t\t<\/div>\n\t\t\t\t<div class=\"elementor-element elementor-element-8ca6be6 elementor-widget elementor-widget-elementskit-heading\" data-id=\"8ca6be6\" data-element_type=\"widget\" data-e-type=\"widget\" data-widget_type=\"elementskit-heading.default\">\n\t\t\t\t<div class=\"elementor-widget-container\">\n\t\t\t\t\t<div class=\"ekit-wid-con\" ><div class=\"ekit-heading elementskit-section-title-wraper text_left   ekit_heading_tablet-   ekit_heading_mobile-\">\t\t\t\t<div class='ekit-heading__description'>\n\t\t\t\t\t<p><span style=\"color: #808080\">Additional information on network service, electricity prices and issued invoices:<\/span><\/p>\n<p><span style=\"color: #808080\"><strong>Arman Toots<\/strong><\/span><br \/><span style=\"color: #808080\">Technical consultant<\/span><\/p>\n<p><span style=\"color: #808080\">phone: +372 510 0312<\/span><br \/><span style=\"color: #808080\">arman@wtc.ee<\/span><\/p>\n\t\t\t\t<\/div>\n\t\t\t<\/div><\/div>\t\t\t\t<\/div>\n\t\t\t\t<\/div>\n\t\t\t\t\t<\/div>\n\t\t\t\t<\/div>\n\t\t\t\t<\/div>","protected":false},"excerpt":{"rendered":"<p>WTC Tallinn AS tegutseb elektrijaotusv\u00f5rgu ettev\u00f5tjana. Konkurentsiameti otsustega kinnitatud teeninduspiirkonnas J\u00f5e tn, Ahtri tn ja Parda tn vahelisel maa-alal omades tegevusluba https:\/\/mtr.ttja.ee\/juriidiline_isik\/157931 elektriv\u00f5rguteenuste osutamiseks jaotusv\u00f5rgu kaudu.\u00a0 WTC Tallinn AS-le kuulub oma teeninduspiirkonnas asuv elektrijaotusv\u00f5rk. Seoses kehtestatud detailplaneeringuga on kavas kasutusele v\u00f5tta hetke innovatiivseimad lahendused. Tulevikus on eesm\u00e4rgiks loobuda fossiilsete mittetaastuvate energiaallikate sh maagaasi kasutamisest ning taotleda detailplaneeringu j\u00e4rgselt rajatavatele ehitistele [&hellip;]<\/p>\n","protected":false},"author":1,"featured_media":0,"parent":0,"menu_order":0,"comment_status":"closed","ping_status":"closed","template":"","meta":{"iawp_total_views":350,"footnotes":""},"class_list":["post-195","page","type-page","status-publish","hentry"],"yoast_head":"<!-- This site is optimized with the Yoast SEO plugin v27.4 - https:\/\/yoast.com\/product\/yoast-seo-wordpress\/ -->\n<title>Energiateenused - WTC Tallinn AS<\/title>\n<meta name=\"robots\" content=\"index, follow, max-snippet:-1, max-image-preview:large, max-video-preview:-1\" \/>\n<link rel=\"canonical\" href=\"https:\/\/wtc.ee\/en\/energiateenused\/\" \/>\n<meta property=\"og:locale\" content=\"en_US\" \/>\n<meta property=\"og:type\" content=\"article\" \/>\n<meta property=\"og:title\" content=\"Energiateenused - WTC Tallinn AS\" \/>\n<meta property=\"og:description\" content=\"WTC Tallinn AS tegutseb elektrijaotusv\u00f5rgu ettev\u00f5tjana. Konkurentsiameti otsustega kinnitatud teeninduspiirkonnas J\u00f5e tn, Ahtri tn ja Parda tn vahelisel maa-alal omades tegevusluba https:\/\/mtr.ttja.ee\/juriidiline_isik\/157931 elektriv\u00f5rguteenuste osutamiseks jaotusv\u00f5rgu kaudu.\u00a0 WTC Tallinn AS-le kuulub oma teeninduspiirkonnas asuv elektrijaotusv\u00f5rk. Seoses kehtestatud detailplaneeringuga on kavas kasutusele v\u00f5tta hetke innovatiivseimad lahendused. Tulevikus on eesm\u00e4rgiks loobuda fossiilsete mittetaastuvate energiaallikate sh maagaasi kasutamisest ning taotleda detailplaneeringu j\u00e4rgselt rajatavatele ehitistele [&hellip;]\" \/>\n<meta property=\"og:url\" content=\"https:\/\/wtc.ee\/en\/energiateenused\/\" \/>\n<meta property=\"og:site_name\" content=\"WTC Tallinn AS\" \/>\n<meta property=\"article:modified_time\" content=\"2025-01-29T07:50:47+00:00\" \/>\n<meta property=\"og:image\" content=\"https:\/\/wtc.ee\/wp-content\/uploads\/2024\/04\/energiateenused_elekter_madal.jpg\" \/>\n\t<meta property=\"og:image:width\" content=\"1200\" \/>\n\t<meta property=\"og:image:height\" content=\"429\" \/>\n\t<meta property=\"og:image:type\" content=\"image\/jpeg\" \/>\n<meta name=\"twitter:card\" content=\"summary_large_image\" \/>\n<meta name=\"twitter:label1\" content=\"Est. reading time\" \/>\n\t<meta name=\"twitter:data1\" content=\"2 minutes\" \/>\n<script type=\"application\/ld+json\" class=\"yoast-schema-graph\">{\"@context\":\"https:\\\/\\\/schema.org\",\"@graph\":[{\"@type\":\"WebPage\",\"@id\":\"https:\\\/\\\/wtc.ee\\\/energiateenused\\\/\",\"url\":\"https:\\\/\\\/wtc.ee\\\/energiateenused\\\/\",\"name\":\"Energiateenused - WTC Tallinn AS\",\"isPartOf\":{\"@id\":\"https:\\\/\\\/wtc.ee\\\/#website\"},\"primaryImageOfPage\":{\"@id\":\"https:\\\/\\\/wtc.ee\\\/energiateenused\\\/#primaryimage\"},\"image\":{\"@id\":\"https:\\\/\\\/wtc.ee\\\/energiateenused\\\/#primaryimage\"},\"thumbnailUrl\":\"http:\\\/\\\/wtc.ee\\\/wp-content\\\/uploads\\\/2024\\\/04\\\/energiateenused_elekter_madal.jpg\",\"datePublished\":\"2024-04-22T09:36:11+00:00\",\"dateModified\":\"2025-01-29T07:50:47+00:00\",\"breadcrumb\":{\"@id\":\"https:\\\/\\\/wtc.ee\\\/energiateenused\\\/#breadcrumb\"},\"inLanguage\":\"en-US\",\"potentialAction\":[{\"@type\":\"ReadAction\",\"target\":[\"https:\\\/\\\/wtc.ee\\\/energiateenused\\\/\"]}]},{\"@type\":\"ImageObject\",\"inLanguage\":\"en-US\",\"@id\":\"https:\\\/\\\/wtc.ee\\\/energiateenused\\\/#primaryimage\",\"url\":\"http:\\\/\\\/wtc.ee\\\/wp-content\\\/uploads\\\/2024\\\/04\\\/energiateenused_elekter_madal.jpg\",\"contentUrl\":\"http:\\\/\\\/wtc.ee\\\/wp-content\\\/uploads\\\/2024\\\/04\\\/energiateenused_elekter_madal.jpg\"},{\"@type\":\"BreadcrumbList\",\"@id\":\"https:\\\/\\\/wtc.ee\\\/energiateenused\\\/#breadcrumb\",\"itemListElement\":[{\"@type\":\"ListItem\",\"position\":1,\"name\":\"Home\",\"item\":\"https:\\\/\\\/wtc.ee\\\/\"},{\"@type\":\"ListItem\",\"position\":2,\"name\":\"Energiateenused\"}]},{\"@type\":\"WebSite\",\"@id\":\"https:\\\/\\\/wtc.ee\\\/#website\",\"url\":\"https:\\\/\\\/wtc.ee\\\/\",\"name\":\"WTC Tallinn AS\",\"description\":\"Parimad b\u00fcroopinnad kesklinnas\",\"publisher\":{\"@id\":\"https:\\\/\\\/wtc.ee\\\/#organization\"},\"potentialAction\":[{\"@type\":\"SearchAction\",\"target\":{\"@type\":\"EntryPoint\",\"urlTemplate\":\"https:\\\/\\\/wtc.ee\\\/?s={search_term_string}\"},\"query-input\":{\"@type\":\"PropertyValueSpecification\",\"valueRequired\":true,\"valueName\":\"search_term_string\"}}],\"inLanguage\":\"en-US\"},{\"@type\":\"Organization\",\"@id\":\"https:\\\/\\\/wtc.ee\\\/#organization\",\"name\":\"WTC Tallinn AS\",\"url\":\"https:\\\/\\\/wtc.ee\\\/\",\"logo\":{\"@type\":\"ImageObject\",\"inLanguage\":\"en-US\",\"@id\":\"https:\\\/\\\/wtc.ee\\\/#\\\/schema\\\/logo\\\/image\\\/\",\"url\":\"https:\\\/\\\/wtc.ee\\\/wp-content\\\/uploads\\\/2024\\\/05\\\/cropped-wtc_logo_color_high_res.jpg\",\"contentUrl\":\"https:\\\/\\\/wtc.ee\\\/wp-content\\\/uploads\\\/2024\\\/05\\\/cropped-wtc_logo_color_high_res.jpg\",\"width\":1803,\"height\":360,\"caption\":\"WTC Tallinn AS\"},\"image\":{\"@id\":\"https:\\\/\\\/wtc.ee\\\/#\\\/schema\\\/logo\\\/image\\\/\"}}]}<\/script>\n<!-- \/ Yoast SEO plugin. -->","yoast_head_json":{"title":"Energiateenused - WTC Tallinn AS","robots":{"index":"index","follow":"follow","max-snippet":"max-snippet:-1","max-image-preview":"max-image-preview:large","max-video-preview":"max-video-preview:-1"},"canonical":"https:\/\/wtc.ee\/en\/energiateenused\/","og_locale":"en_US","og_type":"article","og_title":"Energiateenused - WTC Tallinn AS","og_description":"WTC Tallinn AS tegutseb elektrijaotusv\u00f5rgu ettev\u00f5tjana. Konkurentsiameti otsustega kinnitatud teeninduspiirkonnas J\u00f5e tn, Ahtri tn ja Parda tn vahelisel maa-alal omades tegevusluba https:\/\/mtr.ttja.ee\/juriidiline_isik\/157931 elektriv\u00f5rguteenuste osutamiseks jaotusv\u00f5rgu kaudu.\u00a0 WTC Tallinn AS-le kuulub oma teeninduspiirkonnas asuv elektrijaotusv\u00f5rk. Seoses kehtestatud detailplaneeringuga on kavas kasutusele v\u00f5tta hetke innovatiivseimad lahendused. Tulevikus on eesm\u00e4rgiks loobuda fossiilsete mittetaastuvate energiaallikate sh maagaasi kasutamisest ning taotleda detailplaneeringu j\u00e4rgselt rajatavatele ehitistele [&hellip;]","og_url":"https:\/\/wtc.ee\/en\/energiateenused\/","og_site_name":"WTC Tallinn AS","article_modified_time":"2025-01-29T07:50:47+00:00","og_image":[{"width":1200,"height":429,"url":"https:\/\/wtc.ee\/wp-content\/uploads\/2024\/04\/energiateenused_elekter_madal.jpg","type":"image\/jpeg"}],"twitter_card":"summary_large_image","twitter_misc":{"Est. reading time":"2 minutes"},"schema":{"@context":"https:\/\/schema.org","@graph":[{"@type":"WebPage","@id":"https:\/\/wtc.ee\/energiateenused\/","url":"https:\/\/wtc.ee\/energiateenused\/","name":"Energiateenused - WTC Tallinn AS","isPartOf":{"@id":"https:\/\/wtc.ee\/#website"},"primaryImageOfPage":{"@id":"https:\/\/wtc.ee\/energiateenused\/#primaryimage"},"image":{"@id":"https:\/\/wtc.ee\/energiateenused\/#primaryimage"},"thumbnailUrl":"http:\/\/wtc.ee\/wp-content\/uploads\/2024\/04\/energiateenused_elekter_madal.jpg","datePublished":"2024-04-22T09:36:11+00:00","dateModified":"2025-01-29T07:50:47+00:00","breadcrumb":{"@id":"https:\/\/wtc.ee\/energiateenused\/#breadcrumb"},"inLanguage":"en-US","potentialAction":[{"@type":"ReadAction","target":["https:\/\/wtc.ee\/energiateenused\/"]}]},{"@type":"ImageObject","inLanguage":"en-US","@id":"https:\/\/wtc.ee\/energiateenused\/#primaryimage","url":"http:\/\/wtc.ee\/wp-content\/uploads\/2024\/04\/energiateenused_elekter_madal.jpg","contentUrl":"http:\/\/wtc.ee\/wp-content\/uploads\/2024\/04\/energiateenused_elekter_madal.jpg"},{"@type":"BreadcrumbList","@id":"https:\/\/wtc.ee\/energiateenused\/#breadcrumb","itemListElement":[{"@type":"ListItem","position":1,"name":"Home","item":"https:\/\/wtc.ee\/"},{"@type":"ListItem","position":2,"name":"Energiateenused"}]},{"@type":"WebSite","@id":"https:\/\/wtc.ee\/#website","url":"https:\/\/wtc.ee\/","name":"WTC Tallinn AS","description":"The best office spaces in the city center","publisher":{"@id":"https:\/\/wtc.ee\/#organization"},"potentialAction":[{"@type":"SearchAction","target":{"@type":"EntryPoint","urlTemplate":"https:\/\/wtc.ee\/?s={search_term_string}"},"query-input":{"@type":"PropertyValueSpecification","valueRequired":true,"valueName":"search_term_string"}}],"inLanguage":"en-US"},{"@type":"Organization","@id":"https:\/\/wtc.ee\/#organization","name":"WTC Tallinn AS","url":"https:\/\/wtc.ee\/","logo":{"@type":"ImageObject","inLanguage":"en-US","@id":"https:\/\/wtc.ee\/#\/schema\/logo\/image\/","url":"https:\/\/wtc.ee\/wp-content\/uploads\/2024\/05\/cropped-wtc_logo_color_high_res.jpg","contentUrl":"https:\/\/wtc.ee\/wp-content\/uploads\/2024\/05\/cropped-wtc_logo_color_high_res.jpg","width":1803,"height":360,"caption":"WTC Tallinn AS"},"image":{"@id":"https:\/\/wtc.ee\/#\/schema\/logo\/image\/"}}]}},"_links":{"self":[{"href":"https:\/\/wtc.ee\/en\/wp-json\/wp\/v2\/pages\/195","targetHints":{"allow":["GET"]}}],"collection":[{"href":"https:\/\/wtc.ee\/en\/wp-json\/wp\/v2\/pages"}],"about":[{"href":"https:\/\/wtc.ee\/en\/wp-json\/wp\/v2\/types\/page"}],"author":[{"embeddable":true,"href":"https:\/\/wtc.ee\/en\/wp-json\/wp\/v2\/users\/1"}],"replies":[{"embeddable":true,"href":"https:\/\/wtc.ee\/en\/wp-json\/wp\/v2\/comments?post=195"}],"version-history":[{"count":143,"href":"https:\/\/wtc.ee\/en\/wp-json\/wp\/v2\/pages\/195\/revisions"}],"predecessor-version":[{"id":4812,"href":"https:\/\/wtc.ee\/en\/wp-json\/wp\/v2\/pages\/195\/revisions\/4812"}],"wp:attachment":[{"href":"https:\/\/wtc.ee\/en\/wp-json\/wp\/v2\/media?parent=195"}],"curies":[{"name":"wp","href":"https:\/\/api.w.org\/{rel}","templated":true}]}}